{"id":109,"date":"2017-03-28T11:57:54","date_gmt":"2017-03-28T11:57:54","guid":{"rendered":"http:\/\/rakennusnokelainen.fi\/?page_id=109"},"modified":"2017-04-07T13:18:15","modified_gmt":"2017-04-07T13:18:15","slug":"ikkuna-ovi-ja-kalusteasennukset","status":"publish","type":"page","link":"https:\/\/rakennusnokelainen.fi\/?page_id=109","title":{"rendered":"Ikkuna- ovi- ja kalusteasennukset"},"content":{"rendered":"<h1 style=\"text-align: center;\"><strong>Oletko <\/strong><strong>p\u00e4\u00e4tt\u00e4nyt uusia ikkunat?<\/strong><\/h1>\n<h1 style=\"text-align: center;\"><img loading=\"lazy\" class=\"alignnone size-full wp-image-121\" src=\"http:\/\/rakennusnokelainen.fi\/wp-content\/uploads\/2017\/03\/cropped-IMG_0197.jpg\" alt=\"\" width=\"1920\" height=\"600\" srcset=\"https:\/\/rakennusnokelainen.fi\/wp-content\/uploads\/2017\/03\/cropped-IMG_0197.jpg 1920w, https:\/\/rakennusnokelainen.fi\/wp-content\/uploads\/2017\/03\/cropped-IMG_0197-300x94.jpg 300w, https:\/\/rakennusnokelainen.fi\/wp-content\/uploads\/2017\/03\/cropped-IMG_0197-768x240.jpg 768w, https:\/\/rakennusnokelainen.fi\/wp-content\/uploads\/2017\/03\/cropped-IMG_0197-1024x320.jpg 1024w\" sizes=\"(max-width: 1920px) 100vw, 1920px\" \/><\/h1>\n<h3 style=\"text-align: center;\"><strong> Asennuksiin erikoistuneet ammattilaisemme purkavat vanhat ikkunat, asentavat ja erist\u00e4v\u00e4t uudet aina listoitukseen ja ulkopuolen viimeistelyyn saakka. <\/strong><\/h3>\n<p><!--more--><\/p>\n<p><strong>Huolellisuus ja kokemus takaavat sen, ett\u00e4 ikkunat istuvat rakennukseesi mittatarkasti.<\/strong><\/p>\n<p><strong>Olipa kyseess\u00e4 yhden ikkunan vaihto tai kokonaisen kerrostalon ikkunoiden,<\/strong><\/p>\n<p><strong>teemme sen mielell\u00e4mme.<br \/>\n<\/strong><\/p>\n<ul>\n<li><strong>Ikkunat<\/strong><\/li>\n<li><strong>Ovet<\/strong><\/li>\n<li><strong>V\u00e4liovet<\/strong><\/li>\n<li><strong>Nosto-ovet<\/strong><\/li>\n<li><strong>Kalusteet<\/strong><\/li>\n<li><strong>Kaapit jne\u2026<\/strong><\/li>\n<\/ul>\n<style type=\"text\/css\" scoped>.roboGalleryLoaderSpinner{margin:50px auto;width:50px;height:40px;text-align:center;font-size:10px;}.roboGalleryLoaderSpinner > div{background-color:#333; height:100%; width:6px; display:inline-block; -webkit-animation:roboGalleryLoader-stretchdelay 1.2s infinite ease-in-out; animation:roboGalleryLoader-stretchdelay 1.2s infinite ease-in-out;}.roboGalleryLoaderSpinner .roboGalleryLoaderRect2{-webkit-animation-delay:-1.1s; animation-delay:-1.1s;}.roboGalleryLoaderSpinner .roboGalleryLoaderRect3{-webkit-animation-delay:-1.0s; animation-delay:-1.0s;}.roboGalleryLoaderSpinner .roboGalleryLoaderRect4{-webkit-animation-delay:-0.9s; animation-delay:-0.9s;}.roboGalleryLoaderSpinner .roboGalleryLoaderRect5{-webkit-animation-delay:-0.8s; animation-delay:-0.8s;}@-webkit-keyframes roboGalleryLoader-stretchdelay{0%,40%,100%{-webkit-transform:scaleY(0.4) } 20%{-webkit-transform:scaleY(1.0) }}@keyframes roboGalleryLoader-stretchdelay{0%,40%,100%{ transform:scaleY(0.4); -webkit-transform:scaleY(0.4); } 20%{ transform:scaleY(1.0); -webkit-transform:scaleY(1.0); }}<\/style><div id=\"robo_gallery_loading_rbs_gallery_69f304de0d500\" class=\"roboGalleryLoaderSpinner\"><div class=\"roboGalleryLoaderRect1\"><\/div> <div class=\"roboGalleryLoaderRect2\"><\/div> <div class=\"roboGalleryLoaderRect3\"><\/div> <div class=\"roboGalleryLoaderRect4\"><\/div> <div class=\"roboGalleryLoaderRect5\"><\/div><\/div><div id=\"robo_gallery_main_block_rbs_gallery_69f304de0d500\" class=\"robogallery-gallery-155\" style=\"width:100%;  display: none;\"><div class=\"rbs_gallery_button rbs_gallery_align_left\"  id=\"rbs_gallery_69f304de0d500filter\"><\/div><div id=\"rbs_gallery_69f304de0d500\" data-options=\"rbs_gallery_69f304de0d500\" style=\"width:100%;\" class=\"robo_gallery\"><div class=\"rbs-img category155 \" ><div class=\"rbs-img-image  rbs-lightbox\"   ><div data-thumbnail=\"https:\/\/rakennusnokelainen.fi\/wp-content\/uploads\/2017\/03\/IMG_0211-300x225.jpg\" title=\"IMG_0211\" data-width=\"300\" data-height=\"225\" ><\/div><div data-popup=\"https:\/\/rakennusnokelainen.fi\/wp-content\/uploads\/2017\/03\/IMG_0211.jpg\" data-alt=\"IMG_0211\" title=\"IMG_0211\" ><\/div><div class=\"thumbnail-overlay\"><div class=\"rbsTitle \">IMG_0211<\/div><div class=\"rbsIcons\"><i class=\"fa fa-search-plus rbsZoomIcon \" ><\/i><\/div><\/div><\/div><\/div><div class=\"rbs-img category155 \" ><div class=\"rbs-img-image  rbs-lightbox\"   ><div data-thumbnail=\"https:\/\/rakennusnokelainen.fi\/wp-content\/uploads\/2017\/03\/IMG_0197-225x300.jpg\" title=\"IMG_0197\" data-width=\"225\" data-height=\"300\" ><\/div><div data-popup=\"https:\/\/rakennusnokelainen.fi\/wp-content\/uploads\/2017\/03\/IMG_0197.jpg\" data-alt=\"IMG_0197\" title=\"IMG_0197\" ><\/div><div class=\"thumbnail-overlay\"><div class=\"rbsTitle \">IMG_0197<\/div><div class=\"rbsIcons\"><i class=\"fa fa-search-plus rbsZoomIcon \" ><\/i><\/div><\/div><\/div><\/div><div class=\"rbs-img category155 \" ><div class=\"rbs-img-image  rbs-lightbox\"   ><div data-thumbnail=\"https:\/\/rakennusnokelainen.fi\/wp-content\/uploads\/2017\/03\/IMG_0196-225x300.jpg\" title=\"IMG_0196\" data-width=\"225\" data-height=\"300\" ><\/div><div data-popup=\"https:\/\/rakennusnokelainen.fi\/wp-content\/uploads\/2017\/03\/IMG_0196.jpg\" data-alt=\"IMG_0196\" title=\"IMG_0196\" ><\/div><div class=\"thumbnail-overlay\"><div class=\"rbsTitle \">IMG_0196<\/div><div class=\"rbsIcons\"><i class=\"fa fa-search-plus rbsZoomIcon \" ><\/i><\/div><\/div><\/div><\/div><div class=\"rbs-img category155 \" ><div class=\"rbs-img-image  rbs-lightbox\"   ><div data-thumbnail=\"https:\/\/rakennusnokelainen.fi\/wp-content\/uploads\/2017\/03\/IMG_0208-300x225.jpg\" title=\"IMG_0208\" data-width=\"300\" data-height=\"225\" ><\/div><div data-popup=\"https:\/\/rakennusnokelainen.fi\/wp-content\/uploads\/2017\/03\/IMG_0208.jpg\" data-alt=\"IMG_0208\" title=\"IMG_0208\" ><\/div><div class=\"thumbnail-overlay\"><div class=\"rbsTitle \">IMG_0208<\/div><div class=\"rbsIcons\"><i class=\"fa fa-search-plus rbsZoomIcon \" ><\/i><\/div><\/div><\/div><\/div><div class=\"rbs-img category155 \" ><div class=\"rbs-img-image  rbs-lightbox\"   ><div data-thumbnail=\"https:\/\/rakennusnokelainen.fi\/wp-content\/uploads\/2017\/11\/IMG_4832-225x300.jpg\" title=\"IMG_4832\" data-width=\"225\" data-height=\"300\" ><\/div><div data-popup=\"https:\/\/rakennusnokelainen.fi\/wp-content\/uploads\/2017\/11\/IMG_4832.jpg\" data-alt=\"IMG_4832\" title=\"IMG_4832\" ><\/div><div class=\"thumbnail-overlay\"><div class=\"rbsTitle \">IMG_4832<\/div><div class=\"rbsIcons\"><i class=\"fa fa-search-plus rbsZoomIcon \" ><\/i><\/div><\/div><\/div><\/div><div class=\"rbs-img category155 \" ><div class=\"rbs-img-image  rbs-lightbox\"   ><div data-thumbnail=\"https:\/\/rakennusnokelainen.fi\/wp-content\/uploads\/2017\/11\/IMG_4833-225x300.jpg\" title=\"IMG_4833\" data-width=\"225\" data-height=\"300\" ><\/div><div data-popup=\"https:\/\/rakennusnokelainen.fi\/wp-content\/uploads\/2017\/11\/IMG_4833.jpg\" data-alt=\"IMG_4833\" title=\"IMG_4833\" ><\/div><div class=\"thumbnail-overlay\"><div class=\"rbsTitle \">IMG_4833<\/div><div class=\"rbsIcons\"><i class=\"fa fa-search-plus rbsZoomIcon \" ><\/i><\/div><\/div><\/div><\/div><div class=\"rbs-img category155 \" ><div class=\"rbs-img-image  rbs-lightbox\"   ><div data-thumbnail=\"https:\/\/rakennusnokelainen.fi\/wp-content\/uploads\/2017\/11\/IMG_4834-225x300.jpg\" title=\"IMG_4834\" data-width=\"225\" data-height=\"300\" ><\/div><div data-popup=\"https:\/\/rakennusnokelainen.fi\/wp-content\/uploads\/2017\/11\/IMG_4834.jpg\" data-alt=\"IMG_4834\" title=\"IMG_4834\" ><\/div><div class=\"thumbnail-overlay\"><div class=\"rbsTitle \">IMG_4834<\/div><div class=\"rbsIcons\"><i class=\"fa fa-search-plus rbsZoomIcon \" ><\/i><\/div><\/div><\/div><\/div><div class=\"rbs-img category155 \" ><div class=\"rbs-img-image  rbs-lightbox\"   ><div data-thumbnail=\"https:\/\/rakennusnokelainen.fi\/wp-content\/uploads\/2019\/03\/imukuppi-300x225.jpg\" title=\"imukuppi\" data-width=\"300\" data-height=\"225\" ><\/div><div data-popup=\"https:\/\/rakennusnokelainen.fi\/wp-content\/uploads\/2019\/03\/imukuppi.jpg\" data-alt=\"imukuppi\" title=\"imukuppi\" ><\/div><div class=\"thumbnail-overlay\"><div class=\"rbsTitle \">imukuppi<\/div><div class=\"rbsIcons\"><i class=\"fa fa-search-plus rbsZoomIcon \" ><\/i><\/div><\/div><\/div><\/div><\/div><\/div><script>var rbs_gallery_69f304de0d500 = {\"filterContainer\": \"#rbs_gallery_69f304de0d500filter\", \"loadingContainer\": \"#robo_gallery_loading_rbs_gallery_69f304de0d500\", \"mainContainer\": \"#robo_gallery_main_block_rbs_gallery_69f304de0d500\", \"touch\": 1, \"touchDirection\": \"left\", \"lightboxOptions\": { gallery: { enabled: true, tCounter: \"%curr% of %total%\" } }, \"resolutions\": [ {\"columnWidth\": \"auto\" , \"columns\":1 , \"maxWidth\": 450}, {\"columnWidth\": \"auto\" , \"columns\":2 , \"maxWidth\": 650}, {\"columnWidth\": \"auto\" , \"columns\":3 , \"maxWidth\": 960}], \"overlayEffect\": \"direction-aware-fade\", \"boxesToLoadStart\": 12, \"boxesToLoad\": 8, \"lazyLoad\": true, \"waitUntilThumbLoads\": true, \"waitForAllThumbsNoMatterWhat\": false, \"deepLinking\": false, \"LoadingWord\": \"Loading...\", \"loadMoreWord\": \"Load More\", \"loadMoreClass\": \"button-border-caution \", \"noMoreEntriesWord\": \"No More Entries\", \"horizontalSpaceBetweenBoxes\": 15, \"verticalSpaceBetweenBoxes\": 15}, rbs_gallery_69f304de0d500_css = \"#rbs_gallery_69f304de0d500 .rbs-img-container{ -webkit-border-radius: 5px; -moz-border-radius: 5px; border-radius: 5px;-webkit-box-shadow:0px 5px 7px rgba(34, 25, 25, 0.4) ;-moz-box-shadow: \t0px 5px 7px rgba(34, 25, 25, 0.4) ;-o-box-shadow: \t0px 5px 7px rgba(34, 25, 25, 0.4) ;-ms-box-shadow: \t0px 5px 7px rgba(34, 25, 25, 0.4) ;box-shadow: \t\t0px 5px 7px rgba(34, 25, 25, 0.4) ;}#rbs_gallery_69f304de0d500 .rbsTitle{ font-size:12px; line-height:100%; color:rgb(255, 255, 255); font-weight:bold;}#rbs_gallery_69f304de0d500 .rbsTitle:hover{color:rgb(255, 255, 255);}#rbs_gallery_69f304de0d500 .thumbnail-overlay{background: rgba(7, 7, 7, 0.5);}#rbs_gallery_69f304de0d500 .rbsZoomIcon{ font-size:16px; line-height:100%; color:rgb(255, 255, 255);background:rgb(13, 130, 241);border:2px solid rgb(255, 255, 255);}#rbs_gallery_69f304de0d500 .rbsZoomIcon:hover{color:rgb(255, 255, 255);border:2px solid rgb(255, 255, 255);background:rgb(6, 70, 130);}#rbs_gallery_69f304de0d500 .image-with-dimensions{background-color: rgb(255, 255, 255);}body .mfp-title, body .mfp-counter{color: rgb(243, 243, 243);}\",roboGalleryDelay = 1000; head = document.head || document.getElementsByTagName(\"head\")[0], style = document.createElement(\"style\"); style.type = \"text\/css\"; if (style.styleSheet) style.styleSheet.cssText = rbs_gallery_69f304de0d500_css; \telse  style.appendChild(document.createTextNode(rbs_gallery_69f304de0d500_css)); head.appendChild(style);<\/script>\n","protected":false},"excerpt":{"rendered":"<p>Oletko p\u00e4\u00e4tt\u00e4nyt uusia ikkunat? Asennuksiin erikoistuneet ammattilaisemme purkavat vanhat ikkunat, asentavat ja erist\u00e4v\u00e4t uudet aina listoitukseen ja ulkopuolen viimeistelyyn saakka.<\/p>\n","protected":false},"author":1,"featured_media":43,"parent":0,"menu_order":0,"comment_status":"closed","ping_status":"closed","template":"","meta":[],"_links":{"self":[{"href":"https:\/\/rakennusnokelainen.fi\/index.php?rest_route=\/wp\/v2\/pages\/109"}],"collection":[{"href":"https:\/\/rakennusnokelainen.fi\/index.php?rest_route=\/wp\/v2\/pages"}],"about":[{"href":"https:\/\/rakennusnokelainen.fi\/index.php?rest_route=\/wp\/v2\/types\/page"}],"author":[{"embeddable":true,"href":"https:\/\/rakennusnokelainen.fi\/index.php?rest_route=\/wp\/v2\/users\/1"}],"replies":[{"embeddable":true,"href":"https:\/\/rakennusnokelainen.fi\/index.php?rest_route=%2Fwp%2Fv2%2Fcomments&post=109"}],"version-history":[{"count":17,"href":"https:\/\/rakennusnokelainen.fi\/index.php?rest_route=\/wp\/v2\/pages\/109\/revisions"}],"predecessor-version":[{"id":318,"href":"https:\/\/rakennusnokelainen.fi\/index.php?rest_route=\/wp\/v2\/pages\/109\/revisions\/318"}],"wp:featuredmedia":[{"embeddable":true,"href":"https:\/\/rakennusnokelainen.fi\/index.php?rest_route=\/wp\/v2\/media\/43"}],"wp:attachment":[{"href":"https:\/\/rakennusnokelainen.fi\/index.php?rest_route=%2Fwp%2Fv2%2Fmedia&parent=109"}],"curies":[{"name":"wp","href":"https:\/\/api.w.org\/{rel}","templated":true}]}}